{"id":4458,"date":"2025-06-13T20:36:54","date_gmt":"2025-06-13T20:36:54","guid":{"rendered":"https:\/\/activa.catie.ac.cr\/web\/?page_id=4458"},"modified":"2025-11-06T08:29:41","modified_gmt":"2025-11-06T14:29:41","slug":"convocatoria-2025","status":"publish","type":"page","link":"https:\/\/activa.catie.ac.cr\/web\/convocatoria-2025\/","title":{"rendered":"Convocatoria 2025"},"content":{"rendered":"\t\t<div data-elementor-type=\"wp-page\" data-elementor-id=\"4458\" class=\"elementor elementor-4458\" data-elementor-post-type=\"page\">\n\t\t\t\t<div class=\"elementor-element elementor-element-879365c e-flex e-con-boxed e-con e-parent\" data-id=\"879365c\" data-element_type=\"container\">\n\t\t\t\t\t<div class=\"e-con-inner\">\n\t\t<div class=\"elementor-element elementor-element-34788b7 e-con-full e-flex e-con e-child\" data-id=\"34788b7\" data-element_type=\"container\">\n\t\t<div class=\"elementor-element elementor-element-4125a2c e-con-full elementor-hidden-mobile e-flex e-con e-child\" data-id=\"4125a2c\" data-element_type=\"container\">\n\t\t\t\t<div class=\"elementor-element elementor-element-234e6e9 elementor-widget elementor-widget-image\" data-id=\"234e6e9\" data-element_type=\"widget\" data-widget_type=\"image.default\">\n\t\t\t\t<div class=\"elementor-widget-container\">\n\t\t\t\t\t\t\t\t\t\t\t\t\t\t\t<img decoding=\"async\" width=\"200\" height=\"93\" src=\"https:\/\/activa.catie.ac.cr\/web\/wp-content\/uploads\/logo_activa_web.png\" class=\"attachment-large size-large wp-image-2804\" alt=\"\" \/>\t\t\t\t\t\t\t\t\t\t\t\t\t\t\t<\/div>\n\t\t\t\t<\/div>\n\t\t\t\t<\/div>\n\t\t<div class=\"elementor-element elementor-element-2a5d59a e-con-full e-flex e-con e-child\" data-id=\"2a5d59a\" data-element_type=\"container\">\n\t\t\t\t<div class=\"elementor-element elementor-element-bf6df1b elementor-widget-mobile__width-initial elementor-widget elementor-widget-image\" data-id=\"bf6df1b\" data-element_type=\"widget\" data-widget_type=\"image.default\">\n\t\t\t\t<div class=\"elementor-widget-container\">\n\t\t\t\t\t\t\t\t\t\t\t\t\t\t\t<img fetchpriority=\"high\" decoding=\"async\" width=\"400\" height=\"126\" src=\"https:\/\/activa.catie.ac.cr\/web\/wp-content\/uploads\/Logo-SBD.png\" class=\"attachment-large size-large wp-image-4456\" alt=\"\" \/>\t\t\t\t\t\t\t\t\t\t\t\t\t\t\t<\/div>\n\t\t\t\t<\/div>\n\t\t\t\t<\/div>\n\t\t\t\t<\/div>\n\t\t\t\t\t<\/div>\n\t\t\t\t<\/div>\n\t\t<div class=\"elementor-element elementor-element-3186001 e-flex e-con-boxed e-con e-parent\" data-id=\"3186001\" data-element_type=\"container\" data-settings=\"{&quot;background_background&quot;:&quot;classic&quot;}\">\n\t\t\t\t\t<div class=\"e-con-inner\">\n\t\t\t\t<div class=\"elementor-element elementor-element-44c0a27 elementor-widget__width-initial elementor-absolute elementor-widget elementor-widget-image\" data-id=\"44c0a27\" data-element_type=\"widget\" data-settings=\"{&quot;_position&quot;:&quot;absolute&quot;}\" data-widget_type=\"image.default\">\n\t\t\t\t<div class=\"elementor-widget-container\">\n\t\t\t\t\t\t\t\t\t\t\t\t\t\t\t<img decoding=\"async\" width=\"1024\" height=\"1015\" src=\"https:\/\/activa.catie.ac.cr\/web\/wp-content\/uploads\/Mujer_cultivos-1.png\" class=\"attachment-large size-large wp-image-4460\" alt=\"\" \/>\t\t\t\t\t\t\t\t\t\t\t\t\t\t\t<\/div>\n\t\t\t\t<\/div>\n\t\t\t\t<div class=\"elementor-element elementor-element-0bea14f elementor-widget__width-initial elementor-absolute elementor-widget elementor-widget-image\" data-id=\"0bea14f\" data-element_type=\"widget\" data-settings=\"{&quot;_position&quot;:&quot;absolute&quot;}\" data-widget_type=\"image.default\">\n\t\t\t\t<div class=\"elementor-widget-container\">\n\t\t\t\t\t\t\t\t\t\t\t\t\t\t\t<img loading=\"lazy\" decoding=\"async\" width=\"1024\" height=\"1024\" src=\"https:\/\/activa.catie.ac.cr\/web\/wp-content\/uploads\/Circulo3.png\" class=\"attachment-large size-large wp-image-4461\" alt=\"\" \/>\t\t\t\t\t\t\t\t\t\t\t\t\t\t\t<\/div>\n\t\t\t\t<\/div>\n\t\t\t\t<div class=\"elementor-element elementor-element-f44b36a elementor-widget__width-initial elementor-widget elementor-widget-heading\" data-id=\"f44b36a\" data-element_type=\"widget\" data-widget_type=\"heading.default\">\n\t\t\t\t<div class=\"elementor-widget-container\">\n\t\t\t\t\t<h2 class=\"elementor-heading-title elementor-size-default\"><br>Sexta convocatoria de capital semilla<\/h2>\t\t\t\t<\/div>\n\t\t\t\t<\/div>\n\t\t\t\t<div class=\"elementor-element elementor-element-bfad379 elementor-widget__width-initial elementor-widget elementor-widget-text-editor\" data-id=\"bfad379\" data-element_type=\"widget\" data-widget_type=\"text-editor.default\">\n\t\t\t\t<div class=\"elementor-widget-container\">\n\t\t\t\t\t\t\t\t\t<p>Este es el camino para hacer crecer tu idea, emprendimiento o empresa y llevarla a un nuevo nivel, sin importar el lugar en el cual te encuentres en el pa\u00eds, porque por medio de la innovaci\u00f3n se siembra en el futuro de Costa Rica y los emprendimientos y empresas asociadas a la naturaleza representan esperanza.<\/p><p>\u00a0<\/p><p>Esta es una convocatoria implementada por el Laboratorio de Innovaci\u00f3n y Emprendimiento: ACTIVA-CATIE y es financiado por el Sistema de Banca para el Desarrollo (SBD), el cual busca promover el desarrollo productivo, la inclusi\u00f3n financiera y el fortalecimiento de capacidades empresariales, poniendo un especial \u00e9nfasis a los sectores que tradicionalmente son excluidos por el sistema financiero formal.<\/p>\t\t\t\t\t\t\t\t<\/div>\n\t\t\t\t<\/div>\n\t\t\t\t<div class=\"elementor-element elementor-element-1a3b20b elementor-align-center elementor-widget__width-initial elementor-widget elementor-widget-button\" data-id=\"1a3b20b\" data-element_type=\"widget\" data-widget_type=\"button.default\">\n\t\t\t\t<div class=\"elementor-widget-container\">\n\t\t\t\t\t\t\t\t\t<div class=\"elementor-button-wrapper\">\n\t\t\t\t\t<a class=\"elementor-button elementor-button-link elementor-size-lg\" href=\"https:\/\/forms.gle\/JzpCxLAJdsTQZNDn9\" target=\"_blank\">\n\t\t\t\t\t\t<span class=\"elementor-button-content-wrapper\">\n\t\t\t\t\t\t\t\t\t<span class=\"elementor-button-text\">Post\u00falese aqu\u00ed<\/span>\n\t\t\t\t\t<\/span>\n\t\t\t\t\t<\/a>\n\t\t\t\t<\/div>\n\t\t\t\t\t\t\t\t<\/div>\n\t\t\t\t<\/div>\n\t\t\t\t\t<\/div>\n\t\t\t\t<\/div>\n\t\t<div class=\"elementor-element elementor-element-25da85e e-flex e-con-boxed e-con e-parent\" data-id=\"25da85e\" data-element_type=\"container\" data-settings=\"{&quot;background_background&quot;:&quot;classic&quot;}\">\n\t\t\t\t\t<div class=\"e-con-inner\">\n\t\t\t\t<div class=\"elementor-element elementor-element-cf9db70 elementor-widget__width-inherit elementor-widget elementor-widget-n-accordion\" data-id=\"cf9db70\" data-element_type=\"widget\" data-settings=\"{&quot;default_state&quot;:&quot;all_collapsed&quot;,&quot;max_items_expended&quot;:&quot;one&quot;,&quot;n_accordion_animation_duration&quot;:{&quot;unit&quot;:&quot;ms&quot;,&quot;size&quot;:400,&quot;sizes&quot;:[]}}\" data-widget_type=\"nested-accordion.default\">\n\t\t\t\t<div class=\"elementor-widget-container\">\n\t\t\t\t\t\t\t<div class=\"e-n-accordion\" aria-label=\"Accordion. Open links with Enter or Space, close with Escape, and navigate with Arrow Keys\">\n\t\t\t\t\t\t<details id=\"e-n-accordion-item-2170\" class=\"e-n-accordion-item\" >\n\t\t\t\t<summary class=\"e-n-accordion-item-title\" data-accordion-index=\"1\" tabindex=\"0\" aria-expanded=\"false\" aria-controls=\"e-n-accordion-item-2170\" >\n\t\t\t\t\t<span class='e-n-accordion-item-title-header'><div class=\"e-n-accordion-item-title-text\"> \u00bfA qui\u00e9n va dirigida esta convocatoria? <\/div><\/span>\n\t\t\t\t\t\t\t<span class='e-n-accordion-item-title-icon'>\n\t\t\t<span class='e-opened' ><i aria-hidden=\"true\" class=\"fas fa-minus\"><\/i><\/span>\n\t\t\t<span class='e-closed'><i aria-hidden=\"true\" class=\"fas fa-plus\"><\/i><\/span>\n\t\t<\/span>\n\n\t\t\t\t\t\t<\/summary>\n\t\t\t\t<div role=\"region\" aria-labelledby=\"e-n-accordion-item-2170\" class=\"elementor-element elementor-element-cbcfc02 e-con-full e-flex e-con e-child\" data-id=\"cbcfc02\" data-element_type=\"container\" data-settings=\"{&quot;background_background&quot;:&quot;classic&quot;}\">\n\t\t\t\t<div class=\"elementor-element elementor-element-131ebee elementor-widget elementor-widget-text-editor\" data-id=\"131ebee\" data-element_type=\"widget\" data-widget_type=\"text-editor.default\">\n\t\t\t\t<div class=\"elementor-widget-container\">\n\t\t\t\t\t\t\t\t\t<p><span style=\"color: #006738;\">Toda persona emprendedora costarricense ubicada en cualquier \u00e1rea rural del pa\u00eds puede participar en esta convocatoria que busca apoyarlas a trav\u00e9s de capital semilla no reembolsable y acompa\u00f1amiento especializado para el desarrollo de sus negocios.<\/span><\/p><p>\u00a0<\/p><p><span style=\"color: #006738;\">En especial se enfoca en emprendimientos que:<\/span><\/p><ul><li><span style=\"color: #006738;\">Sean de peque\u00f1a y mediana escala.<\/span><\/li><li><span style=\"color: #006738;\">Trabajen en armon\u00eda con la naturaleza y contribuyan con el Plan Nacional de Descarbonizaci\u00f3n<\/span><\/li><li><span style=\"color: #006738;\">Se ubiquen en la zona rural de Costa Rica.<\/span><\/li><li><span style=\"color: #006738;\">Incluyan la participaci\u00f3n de mujeres, j\u00f3venes, comunidades ind\u00edgenas, entre otros grupos tradicionalmente excluidos.<\/span><\/li><\/ul><p>\u00a0<\/p><p><span style=\"color: #006738;\">Las personas que apliquen deben ser mayores de 18 a\u00f1os o puede ser una empresa registrada como persona jur\u00eddica (SA o SRL).<\/span><\/p><p>\u00a0<\/p><p><span style=\"color: #006738;\">Se motiva a que participen mujeres, personas j\u00f3venes, ind\u00edgenas o afrodescendientes; sin embargo, toda persona con inter\u00e9s de ser parte de esta convocatoria tiene la posibilidad de aplicar.<\/span><\/p>\t\t\t\t\t\t\t\t<\/div>\n\t\t\t\t<\/div>\n\t\t\t\t<\/div>\n\t\t\t\t\t<\/details>\n\t\t\t\t\t\t<details id=\"e-n-accordion-item-2171\" class=\"e-n-accordion-item\" >\n\t\t\t\t<summary class=\"e-n-accordion-item-title\" data-accordion-index=\"2\" tabindex=\"-1\" aria-expanded=\"false\" aria-controls=\"e-n-accordion-item-2171\" >\n\t\t\t\t\t<span class='e-n-accordion-item-title-header'><div class=\"e-n-accordion-item-title-text\"> \u00bfQu\u00e9 pueden obtener las personas que apliquen? <\/div><\/span>\n\t\t\t\t\t\t\t<span class='e-n-accordion-item-title-icon'>\n\t\t\t<span class='e-opened' ><i aria-hidden=\"true\" class=\"fas fa-minus\"><\/i><\/span>\n\t\t\t<span class='e-closed'><i aria-hidden=\"true\" class=\"fas fa-plus\"><\/i><\/span>\n\t\t<\/span>\n\n\t\t\t\t\t\t<\/summary>\n\t\t\t\t<div role=\"region\" aria-labelledby=\"e-n-accordion-item-2171\" class=\"elementor-element elementor-element-7ce43aa e-con-full e-flex e-con e-child\" data-id=\"7ce43aa\" data-element_type=\"container\" data-settings=\"{&quot;background_background&quot;:&quot;classic&quot;}\">\n\t\t\t\t<div class=\"elementor-element elementor-element-4c657f3 elementor-widget elementor-widget-text-editor\" data-id=\"4c657f3\" data-element_type=\"widget\" data-widget_type=\"text-editor.default\">\n\t\t\t\t<div class=\"elementor-widget-container\">\n\t\t\t\t\t\t\t\t\t<p><span style=\"color: #006738;\">Dentro de los muchos beneficios que se obtienen, se encuentran los siguientes:<\/span><\/p><ul style=\"list-style: outside;\"><li><span style=\"color: #006738;\">Capital semilla no reembolsable que va desde los \u20a14 millones hasta los \u20a113 millones seg\u00fan la categor\u00eda de capital semilla a la que aplique.<\/span><\/li><li><span style=\"color: #006738;\">Capacitaciones y mentor\u00edas dadas por especialistas sobre temas claves para los emprendimientos.<\/span><\/li><li><span style=\"color: #006738;\">Networking y visibilidad para hacer crecer mucho m\u00e1s tu negocio, a trav\u00e9s de comunicaciones digitales o participando en eventos de \u00edndole nacional o internacional.<\/span><\/li><\/ul>\t\t\t\t\t\t\t\t<\/div>\n\t\t\t\t<\/div>\n\t\t\t\t<\/div>\n\t\t\t\t\t<\/details>\n\t\t\t\t\t\t<details id=\"e-n-accordion-item-2172\" class=\"e-n-accordion-item\" >\n\t\t\t\t<summary class=\"e-n-accordion-item-title\" data-accordion-index=\"3\" tabindex=\"-1\" aria-expanded=\"false\" aria-controls=\"e-n-accordion-item-2172\" >\n\t\t\t\t\t<span class='e-n-accordion-item-title-header'><div class=\"e-n-accordion-item-title-text\"> \u00bfCu\u00e1l es el monto de capital semilla que puede una persona emprendedora recibir? <\/div><\/span>\n\t\t\t\t\t\t\t<span class='e-n-accordion-item-title-icon'>\n\t\t\t<span class='e-opened' ><i aria-hidden=\"true\" class=\"fas fa-minus\"><\/i><\/span>\n\t\t\t<span class='e-closed'><i aria-hidden=\"true\" class=\"fas fa-plus\"><\/i><\/span>\n\t\t<\/span>\n\n\t\t\t\t\t\t<\/summary>\n\t\t\t\t<div role=\"region\" aria-labelledby=\"e-n-accordion-item-2172\" class=\"elementor-element elementor-element-94c71b6 e-con-full e-flex e-con e-child\" data-id=\"94c71b6\" data-element_type=\"container\" data-settings=\"{&quot;background_background&quot;:&quot;classic&quot;}\">\n\t\t\t\t<div class=\"elementor-element elementor-element-dd88fdb elementor-widget elementor-widget-text-editor\" data-id=\"dd88fdb\" data-element_type=\"widget\" data-widget_type=\"text-editor.default\">\n\t\t\t\t<div class=\"elementor-widget-container\">\n\t\t\t\t\t\t\t\t\t<p><span style=\"color: #006738;\">El capital semilla es un instrumento de inversi\u00f3n para el desarrollo de nuevos negocios o para el fortalecimiento de otros, y dependiendo de la etapa de evoluci\u00f3n en la cual se encuentren los emprendimientos, as\u00ed podr\u00e1n optar por alguna de las categor\u00edas incluidas en esta sexta convocatoria.<\/span><\/p>\t\t\t\t\t\t\t\t<\/div>\n\t\t\t\t<\/div>\n\t\t<div role=\"region\" aria-labelledby=\"e-n-accordion-item-2172\" class=\"elementor-element elementor-element-9f1383f e-flex e-con-boxed e-con e-child\" data-id=\"9f1383f\" data-element_type=\"container\">\n\t\t\t\t\t<div class=\"e-con-inner\">\n\t\t<div role=\"region\" aria-labelledby=\"e-n-accordion-item-2172\" class=\"elementor-element elementor-element-a36d62c e-con-full e-flex e-con e-child\" data-id=\"a36d62c\" data-element_type=\"container\" data-settings=\"{&quot;background_background&quot;:&quot;classic&quot;}\">\n\t\t\t\t<div class=\"elementor-element elementor-element-5f16cd6 elementor-widget elementor-widget-heading\" data-id=\"5f16cd6\" data-element_type=\"widget\" data-widget_type=\"heading.default\">\n\t\t\t\t<div class=\"elementor-widget-container\">\n\t\t\t\t\t<h2 class=\"elementor-heading-title elementor-size-default\">Inclusi\u00f3n<\/h2>\t\t\t\t<\/div>\n\t\t\t\t<\/div>\n\t\t\t\t<div class=\"elementor-element elementor-element-8e12c05 elementor-widget elementor-widget-text-editor\" data-id=\"8e12c05\" data-element_type=\"widget\" data-widget_type=\"text-editor.default\">\n\t\t\t\t<div class=\"elementor-widget-container\">\n\t\t\t\t\t\t\t\t\t<p><span style=\"color: #ffffff;\">Corresponden a negocios que se encuentran en su etapa inicial.<\/span><\/p>\t\t\t\t\t\t\t\t<\/div>\n\t\t\t\t<\/div>\n\t\t\t\t<div class=\"elementor-element elementor-element-0733d7f elementor-widget elementor-widget-text-editor\" data-id=\"0733d7f\" data-element_type=\"widget\" data-widget_type=\"text-editor.default\">\n\t\t\t\t<div class=\"elementor-widget-container\">\n\t\t\t\t\t\t\t\t\t<p><span style=\"color: #ffffff;\">Monto a recibir:\u00a0<\/span><\/p><p><strong><span style=\"color: #ffffff;\"><span style=\"font-size: 18px;\">\u20a14 millones<\/span><\/span><\/strong><\/p>\t\t\t\t\t\t\t\t<\/div>\n\t\t\t\t<\/div>\n\t\t\t\t<\/div>\n\t\t<div role=\"region\" aria-labelledby=\"e-n-accordion-item-2172\" class=\"elementor-element elementor-element-057991f e-con-full e-flex e-con e-child\" data-id=\"057991f\" data-element_type=\"container\" data-settings=\"{&quot;background_background&quot;:&quot;classic&quot;}\">\n\t\t\t\t<div class=\"elementor-element elementor-element-5cd9780 elementor-widget__width-initial elementor-widget elementor-widget-heading\" data-id=\"5cd9780\" data-element_type=\"widget\" data-widget_type=\"heading.default\">\n\t\t\t\t<div class=\"elementor-widget-container\">\n\t\t\t\t\t<h2 class=\"elementor-heading-title elementor-size-default\">Transformativo - Rural<\/h2>\t\t\t\t<\/div>\n\t\t\t\t<\/div>\n\t\t\t\t<div class=\"elementor-element elementor-element-4ecdb70 elementor-widget elementor-widget-text-editor\" data-id=\"4ecdb70\" data-element_type=\"widget\" data-widget_type=\"text-editor.default\">\n\t\t\t\t<div class=\"elementor-widget-container\">\n\t\t\t\t\t\t\t\t\t<p><span style=\"color: #ffffff;\">Empresas rurales registradas con personer\u00eda jur\u00eddica (sociedad SA o SRL) que cuenten con registro MIPyME o PyMPA* para concursar por capital semilla.<\/span><\/p>\t\t\t\t\t\t\t\t<\/div>\n\t\t\t\t<\/div>\n\t\t\t\t<div class=\"elementor-element elementor-element-0e619f1 elementor-widget elementor-widget-text-editor\" data-id=\"0e619f1\" data-element_type=\"widget\" data-widget_type=\"text-editor.default\">\n\t\t\t\t<div class=\"elementor-widget-container\">\n\t\t\t\t\t\t\t\t\t<p><span style=\"color: #ffffff;\">Monto a recibir:\u00a0<\/span><\/p><p><span style=\"color: #ffffff; font-size: 18px;\"><strong>\u20a17 millones<\/strong><\/span><\/p>\t\t\t\t\t\t\t\t<\/div>\n\t\t\t\t<\/div>\n\t\t\t\t<\/div>\n\t\t<div role=\"region\" aria-labelledby=\"e-n-accordion-item-2172\" class=\"elementor-element elementor-element-938c38f e-con-full e-flex e-con e-child\" data-id=\"938c38f\" data-element_type=\"container\" data-settings=\"{&quot;background_background&quot;:&quot;classic&quot;}\">\n\t\t\t\t<div class=\"elementor-element elementor-element-fd67d4f elementor-widget__width-initial elementor-widget elementor-widget-heading\" data-id=\"fd67d4f\" data-element_type=\"widget\" data-widget_type=\"heading.default\">\n\t\t\t\t<div class=\"elementor-widget-container\">\n\t\t\t\t\t<h2 class=\"elementor-heading-title elementor-size-default\">Transformativo - Aceleraci\u00f3n<\/h2>\t\t\t\t<\/div>\n\t\t\t\t<\/div>\n\t\t\t\t<div class=\"elementor-element elementor-element-eef609a elementor-widget elementor-widget-text-editor\" data-id=\"eef609a\" data-element_type=\"widget\" data-widget_type=\"text-editor.default\">\n\t\t\t\t<div class=\"elementor-widget-container\">\n\t\t\t\t\t\t\t\t\t<p><span style=\"color: #006738;\">Empresas rurales conformadas como persona jur\u00eddica (sociedad SA o SRL), registradas como MIPyMES\u00a0 o PyMPA, com m\u00e1s de 96 meses de operar.<\/span><\/p>\t\t\t\t\t\t\t\t<\/div>\n\t\t\t\t<\/div>\n\t\t\t\t<div class=\"elementor-element elementor-element-76350e2 elementor-widget elementor-widget-text-editor\" data-id=\"76350e2\" data-element_type=\"widget\" data-widget_type=\"text-editor.default\">\n\t\t\t\t<div class=\"elementor-widget-container\">\n\t\t\t\t\t\t\t\t\t<p><span style=\"color: #ffffff;\">Monto a recibir:<\/span><\/p><p><span style=\"color: #ffffff; font-size: 18px;\"><strong>\u20a113 millones<\/strong><\/span><\/p>\t\t\t\t\t\t\t\t<\/div>\n\t\t\t\t<\/div>\n\t\t\t\t<\/div>\n\t\t\t\t\t<\/div>\n\t\t\t\t<\/div>\n\t\t\t\t<div class=\"elementor-element elementor-element-8b7ed6f elementor-widget elementor-widget-text-editor\" data-id=\"8b7ed6f\" data-element_type=\"widget\" data-widget_type=\"text-editor.default\">\n\t\t\t\t<div class=\"elementor-widget-container\">\n\t\t\t\t\t\t\t\t\t<span style=\"font-size: 14px;\">*El registro para Micro, Peque\u00f1as y Medianas Empresas (MIPYMES) se realiza ante el Ministerio de Econom\u00eda, Industria y Comercio (MEIC), mientras que el registro como Peque\u00f1o y Mediano Productor Agropecuario (PyMPA), se efect\u00faa con el Ministerio de Agricultura y Ganader\u00eda (MAG).<\/span>\t\t\t\t\t\t\t\t<\/div>\n\t\t\t\t<\/div>\n\t\t\t\t<\/div>\n\t\t\t\t\t<\/details>\n\t\t\t\t\t<\/div>\n\t\t\t\t\t\t<\/div>\n\t\t\t\t<\/div>\n\t\t\t\t\t<\/div>\n\t\t\t\t<\/div>\n\t\t<div class=\"elementor-element elementor-element-c3db775 e-flex e-con-boxed e-con e-parent\" data-id=\"c3db775\" data-element_type=\"container\">\n\t\t\t\t\t<div class=\"e-con-inner\">\n\t\t\t\t<div class=\"elementor-element elementor-element-409d175 elementor-widget__width-inherit elementor-widget elementor-widget-image\" data-id=\"409d175\" data-element_type=\"widget\" data-widget_type=\"image.default\">\n\t\t\t\t<div class=\"elementor-widget-container\">\n\t\t\t\t\t\t\t\t\t\t\t\t\t\t\t<img loading=\"lazy\" decoding=\"async\" width=\"2048\" height=\"1333\" src=\"https:\/\/activa.catie.ac.cr\/web\/wp-content\/uploads\/Hombre_Vivero-Tomate.jpg\" class=\"attachment-2048x2048 size-2048x2048 wp-image-4462\" alt=\"\" \/>\t\t\t\t\t\t\t\t\t\t\t\t\t\t\t<\/div>\n\t\t\t\t<\/div>\n\t\t\t\t\t<\/div>\n\t\t\t\t<\/div>\n\t\t<div class=\"elementor-element elementor-element-b7bbda4 e-flex e-con-boxed e-con e-parent\" data-id=\"b7bbda4\" data-element_type=\"container\" data-settings=\"{&quot;background_background&quot;:&quot;gradient&quot;}\">\n\t\t\t\t\t<div class=\"e-con-inner\">\n\t\t\t\t<div class=\"elementor-element elementor-element-e3ac1b1 elementor-widget elementor-widget-heading\" data-id=\"e3ac1b1\" data-element_type=\"widget\" data-widget_type=\"heading.default\">\n\t\t\t\t<div class=\"elementor-widget-container\">\n\t\t\t\t\t<h3 class=\"elementor-heading-title elementor-size-default\">\u00bfC\u00f3mo puedo inscribirme para acceder al capital semilla?<\/h3>\t\t\t\t<\/div>\n\t\t\t\t<\/div>\n\t\t\t\t<div class=\"elementor-element elementor-element-a9aa4d6 elementor-widget elementor-widget-text-editor\" data-id=\"a9aa4d6\" data-element_type=\"widget\" data-widget_type=\"text-editor.default\">\n\t\t\t\t<div class=\"elementor-widget-container\">\n\t\t\t\t\t\t\t\t\t<p style=\"text-align: center;\"><span style=\"color: #ffffff;\">Para postular su idea o negocio debe completar el siguiente formulario en l\u00ednea o escribir al correo<strong> <a style=\"color: #ffffff;\" href=\"mailto:activa@catie.ac.cr\">activa@catie.ac.cr<\/a> <\/strong>para m\u00e1s informaci\u00f3n.<\/span><\/p>\n<p style=\"text-align: center;\"><span style=\"color: #ffffff;\">\u00a0<\/span><\/p>\n<p style=\"text-align: center;\"><span style=\"color: #ffffff;\">Una vez haya aplicado se revisar\u00e1 cada postulaci\u00f3n para verificar que corresponden a iniciativas que pueden ser cubiertas por esta convocatoria y a trav\u00e9s del correo electr\u00f3nico, se les invitar\u00e1 a participar de sesiones en las cuales se les explica c\u00f3mo presentar la propuesta formal.<\/span><\/p>\n<p style=\"text-align: center;\"><span style=\"color: #ffffff;\"><strong>\u00a0<\/strong><\/span><\/p>\n<p style=\"text-align: center;\"><span style=\"color: #d6df23; font-size: 18px;\"><strong>IMPORTANTE <\/strong><\/span><\/p>\n<p style=\"text-align: center;\"><span style=\"color: #ffffff;\">Es muy importante que, al postularse en el enlace aqu\u00ed incluido, verifique que el correo electr\u00f3nico est\u00e9 bien escrito y est\u00e9 funcionando.<\/span><\/p>\n<p style=\"text-align: center;\"><span style=\"color: #ffffff;\">\u00a0<\/span><\/p>\n<p style=\"text-align: center;\"><span style=\"color: #ffffff;\">La fecha l\u00edmite para postularse es el <strong>domingo 20 de julio.<\/strong> Sin embargo, recuerde no dejar todo para el \u00faltimo momento.<\/span><\/p>\t\t\t\t\t\t\t\t<\/div>\n\t\t\t\t<\/div>\n\t\t\t\t<div class=\"elementor-element elementor-element-2461ea8 elementor-align-center elementor-widget elementor-widget-button\" data-id=\"2461ea8\" data-element_type=\"widget\" data-widget_type=\"button.default\">\n\t\t\t\t<div class=\"elementor-widget-container\">\n\t\t\t\t\t\t\t\t\t<div class=\"elementor-button-wrapper\">\n\t\t\t\t\t<a class=\"elementor-button elementor-button-link elementor-size-lg\" href=\"https:\/\/forms.gle\/JzpCxLAJdsTQZNDn9\" target=\"_blank\">\n\t\t\t\t\t\t<span class=\"elementor-button-content-wrapper\">\n\t\t\t\t\t\t\t\t\t<span class=\"elementor-button-text\">Post\u00falese aqu\u00ed<\/span>\n\t\t\t\t\t<\/span>\n\t\t\t\t\t<\/a>\n\t\t\t\t<\/div>\n\t\t\t\t\t\t\t\t<\/div>\n\t\t\t\t<\/div>\n\t\t\t\t\t<\/div>\n\t\t\t\t<\/div>\n\t\t\t\t<\/div>\n\t\t","protected":false},"excerpt":{"rendered":"<p>Sexta convocatoria de capital semilla Este es el camino para hacer crecer tu idea, emprendimiento o empresa y llevarla a un nuevo nivel, sin importar el lugar en el cual te encuentres en el pa\u00eds, porque por medio de la innovaci\u00f3n se siembra en el&#8230;<\/p>\n","protected":false},"author":1,"featured_media":4459,"parent":0,"menu_order":0,"comment_status":"closed","ping_status":"closed","template":"","meta":{"_acf_changed":false,"_monsterinsights_skip_tracking":false,"_monsterinsights_sitenote_active":false,"_monsterinsights_sitenote_note":"","_monsterinsights_sitenote_category":0,"footnotes":""},"class_list":["post-4458","page","type-page","status-publish","has-post-thumbnail","hentry"],"acf":[],"aioseo_notices":[],"_links":{"self":[{"href":"https:\/\/activa.catie.ac.cr\/web\/wp-json\/wp\/v2\/pages\/4458","targetHints":{"allow":["GET"]}}],"collection":[{"href":"https:\/\/activa.catie.ac.cr\/web\/wp-json\/wp\/v2\/pages"}],"about":[{"href":"https:\/\/activa.catie.ac.cr\/web\/wp-json\/wp\/v2\/types\/page"}],"author":[{"embeddable":true,"href":"https:\/\/activa.catie.ac.cr\/web\/wp-json\/wp\/v2\/users\/1"}],"replies":[{"embeddable":true,"href":"https:\/\/activa.catie.ac.cr\/web\/wp-json\/wp\/v2\/comments?post=4458"}],"version-history":[{"count":30,"href":"https:\/\/activa.catie.ac.cr\/web\/wp-json\/wp\/v2\/pages\/4458\/revisions"}],"predecessor-version":[{"id":4517,"href":"https:\/\/activa.catie.ac.cr\/web\/wp-json\/wp\/v2\/pages\/4458\/revisions\/4517"}],"wp:featuredmedia":[{"embeddable":true,"href":"https:\/\/activa.catie.ac.cr\/web\/wp-json\/wp\/v2\/media\/4459"}],"wp:attachment":[{"href":"https:\/\/activa.catie.ac.cr\/web\/wp-json\/wp\/v2\/media?parent=4458"}],"curies":[{"name":"wp","href":"https:\/\/api.w.org\/{rel}","templated":true}]}}